{"id":169,"date":"2011-03-05T11:59:03","date_gmt":"2011-03-05T11:59:03","guid":{"rendered":"http:\/\/umberto.madaweb.org\/?page_id=169"},"modified":"2011-03-23T23:04:23","modified_gmt":"2011-03-23T23:04:23","slug":"iscriviti-subito","status":"publish","type":"page","link":"https:\/\/www.snalsfrosinone.it\/?page_id=169","title":{"rendered":"ISCRIVITI SUBITO allo SNALS"},"content":{"rendered":"<h2 style=\"text-align: justify;\">Lo SNALS oggi<\/h2>\n<p style=\"text-align: justify;\">Lo SNALS, che fin dalla sua fondazione aderisce alla CONFSAL &#8211; Confederazione Sindacale Autonoma dei Lavoratori &#8211; conta oggi la maggioranza relativa tra gli iscritti ai sindacati della scuola, iscritti organizzati in Segreterie Provinciali e Segreterie Regionali presenti in tutte le province e in tutte le regioni.<\/p>\n<p style=\"text-align: justify;\">La presenza capillare nel territorio della nostra organizzazione garantisce agli iscritti una pluralit\u00e0 di servizi in tempo reale che possiamo cos\u00ec sintetizzare.<\/p>\n<p style=\"text-align: justify;\">Ciascuna Segreteria Provinciale e Regionale cura un servizio di assistenza e consulenza su tutte le materie che afferiscono al rapporto di lavoro del personale e al funzionamento delle istituzioni scolastiche.<\/p>\n<p style=\"text-align: justify;\">Indichiamo, a titolo di esempio, alcune di queste materie:<br \/>\n&#8211; nomine a tempo indeterminato e determinato;<br \/>\n&#8211; part-time;<br \/>\n&#8211; trasferimenti;<br \/>\n&#8211; ricostruzioni di carriera;<br \/>\n&#8211; collocamento in pensione<br \/>\n&#8211; orario di servizio;<br \/>\n&#8211; disciplina delle assenze e delle aspettative;<br \/>\n&#8211; maternit\u00e0;<br \/>\n&#8211; invalidit\u00e0 per causa di servizio;<br \/>\n&#8211; invalidit\u00e0 civili;<br \/>\n&#8211; collocamento fuori ruolo;<br \/>\n&#8211; assegnazioni all&#8217;estero, ecc..<\/p>\n<p style=\"text-align: justify;\">Molte Segreterie Provinciali hanno sedi staccate aperte e funzionanti in altri comuni per venire incontro alle esigenze degli iscritti che sono residenti in localit\u00e0 particolarmente lontane dai capoluoghi di provincia.<\/p>\n<p style=\"text-align: justify;\">L&#8217;attivit\u00e0 di &#8220;sportello&#8221; per gli iscritti svolta dalle Segreterie Provinciali \u00e8 qualificata, perch\u00e9 ad essa si dedicano esperti dei rispettivi settori in cui \u00e8 organizzato il sindacato (scuola dell&#8217;infanzia, scuola elementare, scuola media di primo e secondo grado, universit\u00e0, dirigenti scolastici, pensionati).<\/p>\n<p style=\"text-align: justify;\">Lo SNALS offre ai propri iscritti altri servizi, oltre quelli relativi all&#8217;assistenza ed alla consulenza, con l&#8217;obiettivo di rendere il rapporto con il sindacato continuo e vantaggioso, in relazione a particolari obblighi e responsabilit\u00e0 che ciascuno \u00e8 tenuto ad adempiere.<\/p>\n<p style=\"text-align: justify;\">Tra i servizi attivati si segnalano:<\/p>\n<ul style=\"text-align: justify;\">\n<li>la presenza presso le Segreterie Provinciali di uno sportello\u00a0CAF, al quale presentare l&#8217;annuale denuncia dei redditi;<\/li>\n<li>l&#8217;assicurazione gratuita, per tutti gli iscritti, per gli infortuni in itinere ed attivit\u00e0 professionali per il personale in servizio, per la responsabilit\u00e0 civile verso terzi e verso la Pubblica Amministrazione. L&#8217;assicurazione sugli infortuni \u00e8 estesa anche al personale in quiescenza;<\/li>\n<li>\u00e8 in attivit\u00e0 presso le Segreterie Provinciali il\u00a0Patronato\u00a0al quale rivolgersi per tutte le pratiche inerenti il collocamento a riposo.L&#8217;attivit\u00e0 del Patronato \u00e8 completamente gratuita;<\/li>\n<li>\u00e8 garantito agli iscritti la consulenza legale, presso le Segreterie Provinciali, per le eventuali vertenze insorte tra il personale della scuola e l&#8217;Amministrazione.<\/li>\n<\/ul>\n<p style=\"text-align: justify;\">Lo SNALS cura, altres\u00ec, la pubblicazione di un proprio quotidiano,&#8221;Scuola-SNALS&#8221;, che svolge un duplice ruolo: quello informativo dell&#8217;attivit\u00e0 sindacale a livello nazionale e locale e di documentazione e commento degli atti legislativi e normativi che riguardano la scuola e il suo personale.<\/p>\n<p style=\"text-align: justify;\">&#8220;Scuola-SNALS&#8221;\u00a0\u00e8 inviato gratuitamente agli iscritti ed \u00e8 aperto alla loro collaborazione sotto forma di contributi al dibattito che investe le problematiche di attualit\u00e0 specifiche della scuola.<\/p>\n<p style=\"text-align: justify;\">&nbsp;<\/p>\n<p>La tessera include una CONVENZIONE con\u00a0 <a href=\"http:\/\/www.voglioilruolo.it\/\" target=\"_blank\"><img loading=\"lazy\" decoding=\"async\" class=\"aligncenter size-full wp-image-315\" title=\"Voglioilruolo\" src=\"http:\/\/umberto.madaweb.org\/wp-content\/uploads\/2011\/03\/Voglioilruolo.png\" alt=\"\" width=\"280\" height=\"58\" \/><\/a><\/p>\n<p style=\"text-align: justify;\">&nbsp;<\/p>\n<p style=\"text-align: justify;\"><a href=\"http:\/\/snalsfrosinone.it\/wp-content\/uploads\/2011\/03\/Locandina-SNALS.pdf\">Locandina SNALS<\/a><\/p>\n","protected":false},"excerpt":{"rendered":"<p>Lo SNALS oggi Lo SNALS, che fin dalla sua fondazione aderisce alla CONFSAL &#8211; Confederazione Sindacale Autonoma dei Lavoratori &#8211; conta oggi la maggioranza relativa tra gli iscritti ai sindacati della scuola, iscritti organizzati in Segreterie Provinciali e Segreterie Regionali presenti in tutte le province e in tutte le regioni. La presenza capillare nel territorio [&hellip;]<\/p>\n","protected":false},"author":1,"featured_media":0,"parent":0,"menu_order":0,"comment_status":"closed","ping_status":"open","template":"","meta":{"footnotes":""},"class_list":["post-169","page","type-page","status-publish","hentry"],"_links":{"self":[{"href":"https:\/\/www.snalsfrosinone.it\/index.php?rest_route=\/wp\/v2\/pages\/169","targetHints":{"allow":["GET"]}}],"collection":[{"href":"https:\/\/www.snalsfrosinone.it\/index.php?rest_route=\/wp\/v2\/pages"}],"about":[{"href":"https:\/\/www.snalsfrosinone.it\/index.php?rest_route=\/wp\/v2\/types\/page"}],"author":[{"embeddable":true,"href":"https:\/\/www.snalsfrosinone.it\/index.php?rest_route=\/wp\/v2\/users\/1"}],"replies":[{"embeddable":true,"href":"https:\/\/www.snalsfrosinone.it\/index.php?rest_route=%2Fwp%2Fv2%2Fcomments&post=169"}],"version-history":[{"count":19,"href":"https:\/\/www.snalsfrosinone.it\/index.php?rest_route=\/wp\/v2\/pages\/169\/revisions"}],"predecessor-version":[{"id":171,"href":"https:\/\/www.snalsfrosinone.it\/index.php?rest_route=\/wp\/v2\/pages\/169\/revisions\/171"}],"wp:attachment":[{"href":"https:\/\/www.snalsfrosinone.it\/index.php?rest_route=%2Fwp%2Fv2%2Fmedia&parent=169"}],"curies":[{"name":"wp","href":"https:\/\/api.w.org\/{rel}","templated":true}]}}