{"id":74,"date":"2011-02-24T23:18:42","date_gmt":"2011-02-24T23:18:42","guid":{"rendered":"http:\/\/umberto.madaweb.org\/?page_id=74"},"modified":"2011-03-14T21:48:32","modified_gmt":"2011-03-14T21:48:32","slug":"servizi","status":"publish","type":"page","link":"https:\/\/www.snalsfrosinone.it\/?page_id=74","title":{"rendered":"Patronato I.N.P.A.S."},"content":{"rendered":"<p><a href=\"http:\/\/umberto.madaweb.org\/wp-content\/uploads\/2011\/03\/INPAS.png\"><img loading=\"lazy\" decoding=\"async\" class=\"aligncenter size-medium wp-image-207\" title=\"INPAS\" src=\"http:\/\/umberto.madaweb.org\/wp-content\/uploads\/2011\/03\/INPAS-300x87.png\" alt=\"\" width=\"300\" height=\"87\" srcset=\"https:\/\/www.snalsfrosinone.it\/wp-content\/uploads\/2011\/03\/INPAS-300x87.png 300w, https:\/\/www.snalsfrosinone.it\/wp-content\/uploads\/2011\/03\/INPAS.png 350w\" sizes=\"auto, (max-width: 300px) 100vw, 300px\" \/><\/a><\/p>\n<p style=\"text-align: justify;\">\u2022 Tutela dei diritti individuali;<\/p>\n<p style=\"text-align: justify;\">\u2022 Difesa diritti previdenziali, sociali e assistenziali dei lavoratori, dei pensionati\u00a0e dei cittadini.<\/p>\n<p style=\"text-align: justify;\">\u2022 Consulenza, assustenza e presentazione delle domande agli Enti Previdenziali\u00a0del settore pubblico e privato.<\/p>\n<p style=\"text-align: justify;\"><strong><em>Fra le altre prestazioni provvede:<\/em><\/strong><\/p>\n<p style=\"text-align: justify;\"><strong><em> <\/em><\/strong><\/p>\n<p style=\"text-align: justify;\">\u2022 controllo e calcolo posizioni assicurative;<\/p>\n<p style=\"text-align: justify;\">\u2022 riscatti, ricongiunzioni contribuzioni figurative e volontarie;<\/p>\n<p style=\"text-align: justify;\">\u2022 previdenza complementare;<\/p>\n<p style=\"text-align: justify;\">\u2022 pensioni di anzianit\u00e0, di vecchiaia, di inabilit\u00e0 e di invalidit\u00e0;<\/p>\n<p style=\"text-align: justify;\">\u2022 lavori particolarmente usuranti;<\/p>\n<p style=\"text-align: justify;\">\u2022 assegno di accompagnamento;<\/p>\n<p style=\"text-align: justify;\">\u2022 mobilit\u00e0;<\/p>\n<p style=\"text-align: justify;\">\u2022 infortuni sul lavoro;<\/p>\n<p style=\"text-align: justify;\">\u2022 assegni familiari e al nucleo familiare;<\/p>\n<p style=\"text-align: justify;\">\u2022 maternit\u00e0;<\/p>\n<p style=\"text-align: justify;\">\u2022 indennit\u00e0 di disoccupazione;<\/p>\n<p style=\"text-align: justify;\">\u2022 permessi familiari;<\/p>\n<p style=\"text-align: justify;\">\u2022 lavoratori agricoli;<\/p>\n<p style=\"text-align: justify;\">\u2022 lavoratori stagionali;<\/p>\n<p style=\"text-align: justify;\">\u2022 lavoratori socialmente utili,<\/p>\n<p style=\"text-align: justify;\">Il Patronato \u00e8 presente su tutto il territorio nazionale e offre i suoi servizi gratuitamente\u00a0con esclusione del concorso all\u2019 attivit\u00e0 legale in caso di azione giudiziaria.<\/p>\n<p style=\"text-align: justify;\"><em>Informati presso le nostre sedi provinciali o consulta i siti:<\/em><\/p>\n<p><a href=\"http:\/\/www.confsal.it\/\" target=\"_blank\"><strong>www.confsal.it<\/strong><\/a><strong> <\/strong><strong> <\/strong>o<strong> <\/strong><a href=\"http:\/\/www.ilpatronato.it\/\" target=\"_blank\"><strong>www.ilpatronato.it<\/strong><\/a><\/p>\n<p><strong><br \/>\n<\/strong><\/p>\n<table border=\"0\" cellspacing=\"0\" cellpadding=\"0\" width=\"95%\">\n<tbody>\n<tr>\n<td><strong>Sede Provinciale di Frosinone Frosinone\u00a0&#8211;\u00a003100 (FR)<\/strong>&nbsp;<\/p>\n<p><strong>Via Ponte della Fontana, 29 \u00a0 \u00a0 \u00a0Tel. 0775\/872005 \u00a0 \u00a0 Fax. 0775\/871255<\/strong><\/p>\n<p><strong><a href=\"mailto:inpas.fr@ilpatronato.it\">inpas.fr@ilpatronato.it<\/a><\/strong><\/p>\n<p><strong><br \/>\n<\/strong><\/td>\n<td><strong> <\/strong><\/td>\n<\/tr>\n<tr>\n<td colspan=\"2\">\n<table border=\"0\" cellspacing=\"0\" cellpadding=\"0\" width=\"600\">\n<tbody>\n<tr>\n<td><strong>Luned\u00ec<\/strong><\/td>\n<td>dalle\u00a09,30 alle 13,00 e dalle 14.00 alle 18.00<\/td>\n<\/tr>\n<tr>\n<td><strong>Marted\u00ec<\/strong><\/td>\n<td>dalle     9,00 alle 13,00 e\u00a0dalle 14.00 alle 17.00<\/td>\n<\/tr>\n<tr>\n<td><strong>Mercoled\u00ec<\/strong><\/td>\n<td>dalle     9,00 alle 13,00 e\u00a0dalle 14.00 alle 17.30<\/td>\n<\/tr>\n<tr>\n<td><strong>Gioved\u00ec<\/strong><\/td>\n<td>dalle     14.00 alle 17.30<\/td>\n<\/tr>\n<tr>\n<td><strong>Venerd\u00ec<\/strong><\/td>\n<td>venerd\u00ec dalle     9,00 alle 13,00<\/td>\n<\/tr>\n<\/tbody>\n<\/table>\n<\/td>\n<\/tr>\n<\/tbody>\n<\/table>\n","protected":false},"excerpt":{"rendered":"<p>\u2022 Tutela dei diritti individuali; \u2022 Difesa diritti previdenziali, sociali e assistenziali dei lavoratori, dei pensionati\u00a0e dei cittadini. \u2022 Consulenza, assustenza e presentazione delle domande agli Enti Previdenziali\u00a0del settore pubblico e privato. Fra le altre prestazioni provvede: \u2022 controllo e calcolo posizioni assicurative; \u2022 riscatti, ricongiunzioni contribuzioni figurative e volontarie; \u2022 previdenza complementare; \u2022 pensioni [&hellip;]<\/p>\n","protected":false},"author":1,"featured_media":0,"parent":0,"menu_order":0,"comment_status":"open","ping_status":"open","template":"","meta":{"footnotes":""},"class_list":["post-74","page","type-page","status-publish","hentry"],"_links":{"self":[{"href":"https:\/\/www.snalsfrosinone.it\/index.php?rest_route=\/wp\/v2\/pages\/74","targetHints":{"allow":["GET"]}}],"collection":[{"href":"https:\/\/www.snalsfrosinone.it\/index.php?rest_route=\/wp\/v2\/pages"}],"about":[{"href":"https:\/\/www.snalsfrosinone.it\/index.php?rest_route=\/wp\/v2\/types\/page"}],"author":[{"embeddable":true,"href":"https:\/\/www.snalsfrosinone.it\/index.php?rest_route=\/wp\/v2\/users\/1"}],"replies":[{"embeddable":true,"href":"https:\/\/www.snalsfrosinone.it\/index.php?rest_route=%2Fwp%2Fv2%2Fcomments&post=74"}],"version-history":[{"count":11,"href":"https:\/\/www.snalsfrosinone.it\/index.php?rest_route=\/wp\/v2\/pages\/74\/revisions"}],"predecessor-version":[{"id":208,"href":"https:\/\/www.snalsfrosinone.it\/index.php?rest_route=\/wp\/v2\/pages\/74\/revisions\/208"}],"wp:attachment":[{"href":"https:\/\/www.snalsfrosinone.it\/index.php?rest_route=%2Fwp%2Fv2%2Fmedia&parent=74"}],"curies":[{"name":"wp","href":"https:\/\/api.w.org\/{rel}","templated":true}]}}